{"id":287,"date":"2025-03-05T10:45:42","date_gmt":"2025-03-05T10:45:42","guid":{"rendered":"https:\/\/au-suisse.ch\/?page_id=287"},"modified":"2025-03-05T10:54:50","modified_gmt":"2025-03-05T10:54:50","slug":"les-classiques","status":"publish","type":"page","link":"https:\/\/au-suisse.ch\/index.php\/les-classiques\/","title":{"rendered":"Les classiques"},"content":{"rendered":"\t\t<div data-elementor-type=\"wp-page\" data-elementor-id=\"287\" class=\"elementor elementor-287\" data-elementor-post-type=\"page\">\n\t\t\t\t\t\t<section class=\"elementor-section elementor-top-section elementor-element elementor-element-842fc4e elementor-section-boxed elementor-section-height-default elementor-section-height-default\" data-id=\"842fc4e\" data-element_type=\"section\" data-e-type=\"section\">\n\t\t\t\t\t\t<div class=\"elementor-container elementor-column-gap-default\">\n\t\t\t\t\t<div class=\"elementor-column elementor-col-100 elementor-top-column elementor-element elementor-element-6b50e78\" data-id=\"6b50e78\" data-element_type=\"column\" data-e-type=\"column\">\n\t\t\t<div class=\"elementor-widget-wrap elementor-element-populated\">\n\t\t\t\t\t\t<div class=\"elementor-element elementor-element-9b674c7 elementor-widget elementor-widget-heading\" data-id=\"9b674c7\" data-element_type=\"widget\" data-e-type=\"widget\" data-widget_type=\"heading.default\">\n\t\t\t\t<div class=\"elementor-widget-container\">\n\t\t\t\t\t<h2 class=\"elementor-heading-title elementor-size-default\">Les classiques<\/h2>\t\t\t\t<\/div>\n\t\t\t\t<\/div>\n\t\t\t\t\t<\/div>\n\t\t<\/div>\n\t\t\t\t\t<\/div>\n\t\t<\/section>\n\t\t\t\t<section class=\"elementor-section elementor-top-section elementor-element elementor-element-589df8b elementor-section-stretched elementor-section-boxed elementor-section-height-default elementor-section-height-default\" data-id=\"589df8b\" data-element_type=\"section\" data-e-type=\"section\" data-settings=\"{&quot;stretch_section&quot;:&quot;section-stretched&quot;}\">\n\t\t\t\t\t\t<div class=\"elementor-container elementor-column-gap-default\">\n\t\t\t\t\t<div class=\"elementor-column elementor-col-33 elementor-top-column elementor-element elementor-element-1348757\" data-id=\"1348757\" data-element_type=\"column\" data-e-type=\"column\">\n\t\t\t<div class=\"elementor-widget-wrap\">\n\t\t\t\t\t\t\t<\/div>\n\t\t<\/div>\n\t\t\t\t<div class=\"elementor-column elementor-col-33 elementor-top-column elementor-element elementor-element-bc82d08\" data-id=\"bc82d08\" data-element_type=\"column\" data-e-type=\"column\">\n\t\t\t<div class=\"elementor-widget-wrap elementor-element-populated\">\n\t\t\t\t\t\t<div class=\"elementor-element elementor-element-17b52ca elementor-widget__width-initial elementor-widget elementor-widget-heading\" data-id=\"17b52ca\" data-element_type=\"widget\" data-e-type=\"widget\" data-widget_type=\"heading.default\">\n\t\t\t\t<div class=\"elementor-widget-container\">\n\t\t\t\t\t<h3 class=\"elementor-heading-title elementor-size-default\">Tout les lundis<\/h3>\t\t\t\t<\/div>\n\t\t\t\t<\/div>\n\t\t\t\t<div class=\"elementor-element elementor-element-12143e9 elementor-widget elementor-widget-text-editor\" data-id=\"12143e9\" data-element_type=\"widget\" data-e-type=\"widget\" data-widget_type=\"text-editor.default\">\n\t\t\t\t<div class=\"elementor-widget-container\">\n\t\t\t\t\t\t\t\t\t<p>Commencez par une salade verte fra\u00eeche et croquante, avant de savourer de d\u00e9licieux filets de perches dor\u00e9s \u00e0 la perfection. Accompagn\u00e9s de l\u00e9gumes de saison et de pommes frites croustillantes, ce plat promet une assiette gourmande&nbsp;et&nbsp;\u00e9quilibr\u00e9e.<\/p><p><br><\/p><p>25 CHF<\/p>\t\t\t\t\t\t\t\t<\/div>\n\t\t\t\t<\/div>\n\t\t\t\t<div class=\"elementor-element elementor-element-2c6600a elementor-widget elementor-widget-heading\" data-id=\"2c6600a\" data-element_type=\"widget\" data-e-type=\"widget\" data-widget_type=\"heading.default\">\n\t\t\t\t<div class=\"elementor-widget-container\">\n\t\t\t\t\t<h3 class=\"elementor-heading-title elementor-size-default\">Tout les dimanches<\/h3>\t\t\t\t<\/div>\n\t\t\t\t<\/div>\n\t\t\t\t<div class=\"elementor-element elementor-element-20bc7d5 elementor-widget elementor-widget-text-editor\" data-id=\"20bc7d5\" data-element_type=\"widget\" data-e-type=\"widget\" data-widget_type=\"text-editor.default\">\n\t\t\t\t<div class=\"elementor-widget-container\">\n\t\t\t\t\t\t\t\t\t<p>Commencez par une soupe aux choux savoureuse, avant de d\u00e9guster un g\u00e9n\u00e9reux assortiment de jambon, lard et saucissons, accompagn\u00e9s de carottes fondantes et de pommes nature. Terminez sur une note gourmande avec des meringues croustillantes servies avec leur d\u00e9licieuse&nbsp;cr\u00e8me&nbsp;double.<\/p><p><br><\/p><p>34 CHF<\/p>\t\t\t\t\t\t\t\t<\/div>\n\t\t\t\t<\/div>\n\t\t\t\t\t<\/div>\n\t\t<\/div>\n\t\t\t\t<div class=\"elementor-column elementor-col-33 elementor-top-column elementor-element elementor-element-12fa86d\" data-id=\"12fa86d\" data-element_type=\"column\" data-e-type=\"column\">\n\t\t\t<div class=\"elementor-widget-wrap\">\n\t\t\t\t\t\t\t<\/div>\n\t\t<\/div>\n\t\t\t\t\t<\/div>\n\t\t<\/section>\n\t\t\t\t<\/div>\n\t\t","protected":false},"excerpt":{"rendered":"<p>Les classiques Tout les lundis Commencez par une salade verte fra\u00eeche et croquante, avant de savourer de d\u00e9licieux filets de perches dor\u00e9s \u00e0 la perfection. Accompagn\u00e9s de l\u00e9gumes de saison et de pommes frites croustillantes, ce plat promet une assiette gourmande&nbsp;et&nbsp;\u00e9quilibr\u00e9e. 25 CHF Tout les dimanches Commencez par une soupe aux choux savoureuse, avant de&hellip; <a class=\"more-link\" href=\"https:\/\/au-suisse.ch\/index.php\/les-classiques\/\">Poursuivre la lecture <span class=\"screen-reader-text\">Les classiques<\/span><\/a><\/p>\n","protected":false},"author":1,"featured_media":0,"parent":0,"menu_order":0,"comment_status":"closed","ping_status":"closed","template":"","meta":{"footnotes":""},"class_list":["post-287","page","type-page","status-publish","hentry","entry"],"_links":{"self":[{"href":"https:\/\/au-suisse.ch\/index.php\/wp-json\/wp\/v2\/pages\/287","targetHints":{"allow":["GET"]}}],"collection":[{"href":"https:\/\/au-suisse.ch\/index.php\/wp-json\/wp\/v2\/pages"}],"about":[{"href":"https:\/\/au-suisse.ch\/index.php\/wp-json\/wp\/v2\/types\/page"}],"author":[{"embeddable":true,"href":"https:\/\/au-suisse.ch\/index.php\/wp-json\/wp\/v2\/users\/1"}],"replies":[{"embeddable":true,"href":"https:\/\/au-suisse.ch\/index.php\/wp-json\/wp\/v2\/comments?post=287"}],"version-history":[{"count":7,"href":"https:\/\/au-suisse.ch\/index.php\/wp-json\/wp\/v2\/pages\/287\/revisions"}],"predecessor-version":[{"id":296,"href":"https:\/\/au-suisse.ch\/index.php\/wp-json\/wp\/v2\/pages\/287\/revisions\/296"}],"wp:attachment":[{"href":"https:\/\/au-suisse.ch\/index.php\/wp-json\/wp\/v2\/media?parent=287"}],"curies":[{"name":"wp","href":"https:\/\/api.w.org\/{rel}","templated":true}]}}